{"id":2045,"date":"2025-07-18T11:22:03","date_gmt":"2025-07-18T11:22:03","guid":{"rendered":"https:\/\/bistrot-a-huitres.fr\/die-menues\/"},"modified":"2025-11-26T09:38:38","modified_gmt":"2025-11-26T09:38:38","slug":"die-menues","status":"publish","type":"page","link":"https:\/\/bistrot-a-huitres.fr\/de\/die-menues\/","title":{"rendered":"Die Men\u00fcs"},"content":{"rendered":"\t\t<div data-elementor-type=\"wp-page\" data-elementor-id=\"2045\" class=\"elementor elementor-2045 elementor-249\" data-elementor-post-type=\"page\">\n\t\t\t\t<div class=\"elementor-element elementor-element-8a2f46a e-flex e-con-boxed e-con e-parent\" data-id=\"8a2f46a\" data-element_type=\"container\">\n\t\t\t\t\t<div class=\"e-con-inner\">\n\t\t<div class=\"elementor-element elementor-element-34151e7 e-con-full e-flex e-con e-child\" data-id=\"34151e7\" data-element_type=\"container\">\n\t\t\t\t<div class=\"elementor-element elementor-element-2ac1e60 elementor-widget elementor-widget-heading\" data-id=\"2ac1e60\" data-element_type=\"widget\" data-widget_type=\"heading.default\">\n\t\t\t\t<div class=\"elementor-widget-container\">\n\t\t\t\t\t<div class=\"elementor-heading-title elementor-size-default\">Vorspeise + Hauptgericht + Dessert: 35 \u20ac.<\/div>\t\t\t\t<\/div>\n\t\t\t\t<\/div>\n\t\t\t\t<div class=\"elementor-element elementor-element-abe819f elementor-widget elementor-widget-text-editor\" data-id=\"abe819f\" data-element_type=\"widget\" data-widget_type=\"text-editor.default\">\n\t\t\t\t<div class=\"elementor-widget-container\">\n\t\t\t\t\t\t\t\t\tVorspeise + Hauptgericht oder Hauptgericht + Dessert: 30 \u20ac.\t\t\t\t\t\t\t\t<\/div>\n\t\t\t\t<\/div>\n\t\t\t\t<div class=\"elementor-element elementor-element-fea863a elementor-widget elementor-widget-text-editor\" data-id=\"fea863a\" data-element_type=\"widget\" data-widget_type=\"text-editor.default\">\n\t\t\t\t<div class=\"elementor-widget-container\">\n\t\t\t\t\t\t\t\t\t<p><strong>Der Teller mit 6 Austern <\/strong><em>oder<\/em><strong> Goldbrassen-Terrine mit Anis<\/strong><\/p><p><strong>Goldenes Seehechtfilet, provenzalische Gem\u00fcselasagne <\/strong><em>oder<\/em><strong> Rochenfl\u00fcgel mit Kapern<\/strong><\/p><p><strong>Dessert nach Wunsch<\/strong><\/p>\t\t\t\t\t\t\t\t<\/div>\n\t\t\t\t<\/div>\n\t\t\t\t<\/div>\n\t\t<div class=\"elementor-element elementor-element-bf270f7 e-con-full e-flex e-con e-child\" data-id=\"bf270f7\" data-element_type=\"container\">\n\t\t\t\t<div class=\"elementor-element elementor-element-32b1b4e elementor-widget elementor-widget-heading\" data-id=\"32b1b4e\" data-element_type=\"widget\" data-widget_type=\"heading.default\">\n\t\t\t\t<div class=\"elementor-widget-container\">\n\t\t\t\t\t<div class=\"elementor-heading-title elementor-size-default\">Men\u00fc 43\u20ac<\/div>\t\t\t\t<\/div>\n\t\t\t\t<\/div>\n\t\t\t\t<div class=\"elementor-element elementor-element-51781d7 elementor-widget elementor-widget-text-editor\" data-id=\"51781d7\" data-element_type=\"widget\" data-widget_type=\"text-editor.default\">\n\t\t\t\t<div class=\"elementor-widget-container\">\n\t\t\t\t\t\t\t\t\t<p><strong>Wahl von L&#8217;\u00e9cailler <\/strong><em>oder<\/em><strong> Bio-Garnelennest, Kr\u00e4uterfasel<\/strong><\/p><p><strong>3-Fisch-F\u00e4cher mit Pfifferlingen<\/strong><\/p><p><strong>Dessert nach Wunsch<\/strong><\/p>\t\t\t\t\t\t\t\t<\/div>\n\t\t\t\t<\/div>\n\t\t\t\t<\/div>\n\t\t\t\t\t<\/div>\n\t\t\t\t<\/div>\n\t\t<div class=\"elementor-element elementor-element-6490c4c e-flex e-con-boxed e-con e-parent\" data-id=\"6490c4c\" data-element_type=\"container\">\n\t\t\t\t\t<div class=\"e-con-inner\">\n\t\t<div class=\"elementor-element elementor-element-5127945 e-con-full e-flex e-con e-child\" data-id=\"5127945\" data-element_type=\"container\">\n\t\t\t\t<div class=\"elementor-element elementor-element-dbb810d elementor-widget elementor-widget-heading\" data-id=\"dbb810d\" data-element_type=\"widget\" data-widget_type=\"heading.default\">\n\t\t\t\t<div class=\"elementor-widget-container\">\n\t\t\t\t\t<div class=\"elementor-heading-title elementor-size-default\">Men\u00fc f\u00fcr 53 \u20ac.<\/div>\t\t\t\t<\/div>\n\t\t\t\t<\/div>\n\t\t\t\t<div class=\"elementor-element elementor-element-dfff41c elementor-widget elementor-widget-text-editor\" data-id=\"dfff41c\" data-element_type=\"widget\" data-widget_type=\"text-editor.default\">\n\t\t\t\t<div class=\"elementor-widget-container\">\n\t\t\t\t\t\t\t\t\t<p><strong>Der Teller mit 9 Austern <\/strong><em>oder<\/em><strong> Garnelen- und Taschenkrebs-Tartar, Dill-Fasanerie<\/strong><\/p><p><strong>Magerer R\u00fccken mit Pfifferlingen <\/strong><em>oder<\/em><strong> Ganze gegrillte korsische Meerbrasse<\/strong><\/p><p><strong>Mille-feuilles mit Erdbeeren <\/strong><em>oder<\/em><strong> Gefrorenes Nougat mit Pistaziensplittern<\/strong><\/p>\t\t\t\t\t\t\t\t<\/div>\n\t\t\t\t<\/div>\n\t\t\t\t<\/div>\n\t\t<div class=\"elementor-element elementor-element-2057740 e-con-full e-flex e-con e-child\" data-id=\"2057740\" data-element_type=\"container\">\n\t\t\t\t<div class=\"elementor-element elementor-element-5c990c6 elementor-widget elementor-widget-heading\" data-id=\"5c990c6\" data-element_type=\"widget\" data-widget_type=\"heading.default\">\n\t\t\t\t<div class=\"elementor-widget-container\">\n\t\t\t\t\t<div class=\"elementor-heading-title elementor-size-default\">Die Vorschl\u00e4ge des K\u00fcchenchefs - als Beispiel angegeben, Preise k\u00f6nnen sich \u00e4ndern<\/div>\t\t\t\t<\/div>\n\t\t\t\t<\/div>\n\t\t\t\t<div class=\"elementor-element elementor-element-11114e8 elementor-widget elementor-widget-price-list\" data-id=\"11114e8\" data-element_type=\"widget\" data-widget_type=\"price-list.default\">\n\t\t\t\t<div class=\"elementor-widget-container\">\n\t\t\t\t\t\n\t\t<ul class=\"elementor-price-list\">\n\n\t\t\t\t\t\t\t\t\t<li><a class=\"elementor-price-list-item\" href=\"#\">\t\t\t\t\n\t\t\t\t<div class=\"elementor-price-list-text\">\n\t\t\t\t\t\t\t\t\t<div class=\"elementor-price-list-header\">\n\t\t\t\t\t\t\t\t\t\t\t<span class=\"elementor-price-list-title\">\n\t\t\t\t\t\t\tM\u00e9li-M\u00e9lo von kanadischem Hummer, Jakobsmuscheln und Gambas in Krustentiercreme\t\t\t\t\t\t<\/span>\n\t\t\t\t\t\t\t\t\t\t\t\t\t\t\t\t\t\t<span class=\"elementor-price-list-separator\"><\/span>\n\t\t\t\t\t\t\t\t\t\t\t\t\t\t\t\t\t\t\t<span class=\"elementor-price-list-price\">39 \u20ac<\/span>\n\t\t\t\t\t\t\t\t\t\t<\/div>\n\t\t\t\t\t\t\t\t\t\t\t\t<\/div>\n\t\t\t\t<\/a><\/li>\t\t\t\t\t\t\t\t\t\t\t\t<li><a class=\"elementor-price-list-item\" href=\"#\">\t\t\t\t\n\t\t\t\t<div class=\"elementor-price-list-text\">\n\t\t\t\t\t\t\t\t\t<div class=\"elementor-price-list-header\">\n\t\t\t\t\t\t\t\t\t\t\t<span class=\"elementor-price-list-title\">\n\t\t\t\t\t\t\tJakobsmuschelpfanne auf Risotto mit kleinem Gem\u00fcse\t\t\t\t\t\t<\/span>\n\t\t\t\t\t\t\t\t\t\t\t\t\t\t\t\t\t\t<span class=\"elementor-price-list-separator\"><\/span>\n\t\t\t\t\t\t\t\t\t\t\t\t\t\t\t\t\t\t\t<span class=\"elementor-price-list-price\">34 \u20ac<\/span>\n\t\t\t\t\t\t\t\t\t\t<\/div>\n\t\t\t\t\t\t\t\t\t\t\t\t<\/div>\n\t\t\t\t<\/a><\/li>\t\t\t\t\t\t\t\t\t\t\t\t<li><a class=\"elementor-price-list-item\" href=\"#\">\t\t\t\t\n\t\t\t\t<div class=\"elementor-price-list-text\">\n\t\t\t\t\t\t\t\t\t<div class=\"elementor-price-list-header\">\n\t\t\t\t\t\t\t\t\t\t\t<span class=\"elementor-price-list-title\">\n\t\t\t\t\t\t\tSteinbuttbrust mit Champagner\t\t\t\t\t\t<\/span>\n\t\t\t\t\t\t\t\t\t\t\t\t\t\t\t\t\t\t<span class=\"elementor-price-list-separator\"><\/span>\n\t\t\t\t\t\t\t\t\t\t\t\t\t\t\t\t\t\t\t<span class=\"elementor-price-list-price\">35 \u20ac<\/span>\n\t\t\t\t\t\t\t\t\t\t<\/div>\n\t\t\t\t\t\t\t\t\t\t\t\t<\/div>\n\t\t\t\t<\/a><\/li>\t\t\t\t\t\t\t\t\t\t\t\t<li><a class=\"elementor-price-list-item\" href=\"#\">\t\t\t\t\n\t\t\t\t<div class=\"elementor-price-list-text\">\n\t\t\t\t\t\t\t\t\t<div class=\"elementor-price-list-header\">\n\t\t\t\t\t\t\t\t\t\t\t<span class=\"elementor-price-list-title\">\n\t\t\t\t\t\t\tSeezungenfilet, Risotto Kanadischer Hummer und Jakobsmuscheln\t\t\t\t\t\t<\/span>\n\t\t\t\t\t\t\t\t\t\t\t\t\t\t\t\t\t\t<span class=\"elementor-price-list-separator\"><\/span>\n\t\t\t\t\t\t\t\t\t\t\t\t\t\t\t\t\t\t\t<span class=\"elementor-price-list-price\">37 \u20ac<\/span>\n\t\t\t\t\t\t\t\t\t\t<\/div>\n\t\t\t\t\t\t\t\t\t\t\t\t<\/div>\n\t\t\t\t<\/a><\/li>\t\t\t\t\t\t\t\t\t\t\t\t<li><a class=\"elementor-price-list-item\" href=\"#\">\t\t\t\t\n\t\t\t\t<div class=\"elementor-price-list-text\">\n\t\t\t\t\t\t\t\t\t<div class=\"elementor-price-list-header\">\n\t\t\t\t\t\t\t\t\t\t\t<span class=\"elementor-price-list-title\">\n\t\t\t\t\t\t\tGegrillter Wolfsbarschr\u00fccken mit Pfifferlingen\t\t\t\t\t\t<\/span>\n\t\t\t\t\t\t\t\t\t\t\t\t\t\t\t\t\t\t<span class=\"elementor-price-list-separator\"><\/span>\n\t\t\t\t\t\t\t\t\t\t\t\t\t\t\t\t\t\t\t<span class=\"elementor-price-list-price\">32 \u20ac<\/span>\n\t\t\t\t\t\t\t\t\t\t<\/div>\n\t\t\t\t\t\t\t\t\t\t\t\t<\/div>\n\t\t\t\t<\/a><\/li>\t\t\t\t\t\n\t\t<\/ul>\n\n\t\t\t\t\t\t<\/div>\n\t\t\t\t<\/div>\n\t\t\t\t<\/div>\n\t\t\t\t\t<\/div>\n\t\t\t\t<\/div>\n\t\t\t\t<\/div>\n\t\t","protected":false},"excerpt":{"rendered":"<p>Vorspeise + Hauptgericht + Dessert: 35 \u20ac. Vorspeise + Hauptgericht oder Hauptgericht + Dessert: 30 \u20ac. Der Teller mit 6 Austern oder Goldbrassen-Terrine mit Anis Goldenes Seehechtfilet, provenzalische Gem\u00fcselasagne oder Rochenfl\u00fcgel mit Kapern Dessert nach Wunsch Men\u00fc 43\u20ac Wahl von L&#8217;\u00e9cailler oder Bio-Garnelennest, Kr\u00e4uterfasel 3-Fisch-F\u00e4cher mit Pfifferlingen Dessert nach Wunsch Men\u00fc f\u00fcr 53 \u20ac. Der [&hellip;]<\/p>\n","protected":false},"author":1,"featured_media":2362,"parent":0,"menu_order":0,"comment_status":"open","ping_status":"open","template":"","meta":{"footnotes":""},"class_list":["post-2045","page","type-page","status-publish","has-post-thumbnail","hentry"],"yoast_head":"<!-- This site is optimized with the Yoast SEO plugin v26.2 - https:\/\/yoast.com\/wordpress\/plugins\/seo\/ -->\n<title>Die Men\u00fcs - Le Bistrot \u00e0 Hu\u00eetres<\/title>\n<meta name=\"robots\" content=\"index, follow, max-snippet:-1, max-image-preview:large, max-video-preview:-1\" \/>\n<link rel=\"canonical\" href=\"https:\/\/bistrot-a-huitres.fr\/de\/die-menues\/\" \/>\n<meta property=\"og:locale\" content=\"de_DE\" \/>\n<meta property=\"og:type\" content=\"article\" \/>\n<meta property=\"og:title\" content=\"Die Men\u00fcs - Le Bistrot \u00e0 Hu\u00eetres\" \/>\n<meta property=\"og:description\" content=\"Vorspeise + Hauptgericht + Dessert: 35 \u20ac. Vorspeise + Hauptgericht oder Hauptgericht + Dessert: 30 \u20ac. Der Teller mit 6 Austern oder Goldbrassen-Terrine mit Anis Goldenes Seehechtfilet, provenzalische Gem\u00fcselasagne oder Rochenfl\u00fcgel mit Kapern Dessert nach Wunsch Men\u00fc 43\u20ac Wahl von L&#8217;\u00e9cailler oder Bio-Garnelennest, Kr\u00e4uterfasel 3-Fisch-F\u00e4cher mit Pfifferlingen Dessert nach Wunsch Men\u00fc f\u00fcr 53 \u20ac. Der [&hellip;]\" \/>\n<meta property=\"og:url\" content=\"https:\/\/bistrot-a-huitres.fr\/de\/die-menues\/\" \/>\n<meta property=\"og:site_name\" content=\"Le Bistrot \u00e0 Hu\u00eetres\" \/>\n<meta property=\"article:modified_time\" content=\"2025-11-26T09:38:38+00:00\" \/>\n<meta property=\"og:image\" content=\"https:\/\/bistrot-a-huitres.fr\/wp-content\/uploads\/2025\/09\/head-menu-1.jpg\" \/>\n\t<meta property=\"og:image:width\" content=\"1400\" \/>\n\t<meta property=\"og:image:height\" content=\"312\" \/>\n\t<meta property=\"og:image:type\" content=\"image\/jpeg\" \/>\n<meta name=\"twitter:card\" content=\"summary_large_image\" \/>\n<meta name=\"twitter:label1\" content=\"Gesch\u00e4tzte Lesezeit\" \/>\n\t<meta name=\"twitter:data1\" content=\"1\u00a0Minute\" \/>\n<script type=\"application\/ld+json\" class=\"yoast-schema-graph\">{\"@context\":\"https:\/\/schema.org\",\"@graph\":[{\"@type\":\"WebPage\",\"@id\":\"https:\/\/bistrot-a-huitres.fr\/de\/die-menues\/\",\"url\":\"https:\/\/bistrot-a-huitres.fr\/de\/die-menues\/\",\"name\":\"Die Men\u00fcs - Le Bistrot \u00e0 Hu\u00eetres\",\"isPartOf\":{\"@id\":\"https:\/\/bistrot-a-huitres.fr\/de\/#website\"},\"primaryImageOfPage\":{\"@id\":\"https:\/\/bistrot-a-huitres.fr\/de\/die-menues\/#primaryimage\"},\"image\":{\"@id\":\"https:\/\/bistrot-a-huitres.fr\/de\/die-menues\/#primaryimage\"},\"thumbnailUrl\":\"https:\/\/bistrot-a-huitres.fr\/wp-content\/uploads\/2025\/09\/head-menu-1.jpg\",\"datePublished\":\"2025-07-18T11:22:03+00:00\",\"dateModified\":\"2025-11-26T09:38:38+00:00\",\"breadcrumb\":{\"@id\":\"https:\/\/bistrot-a-huitres.fr\/de\/die-menues\/#breadcrumb\"},\"inLanguage\":\"de\",\"potentialAction\":[{\"@type\":\"ReadAction\",\"target\":[\"https:\/\/bistrot-a-huitres.fr\/de\/die-menues\/\"]}]},{\"@type\":\"ImageObject\",\"inLanguage\":\"de\",\"@id\":\"https:\/\/bistrot-a-huitres.fr\/de\/die-menues\/#primaryimage\",\"url\":\"https:\/\/bistrot-a-huitres.fr\/wp-content\/uploads\/2025\/09\/head-menu-1.jpg\",\"contentUrl\":\"https:\/\/bistrot-a-huitres.fr\/wp-content\/uploads\/2025\/09\/head-menu-1.jpg\",\"width\":1400,\"height\":312},{\"@type\":\"BreadcrumbList\",\"@id\":\"https:\/\/bistrot-a-huitres.fr\/de\/die-menues\/#breadcrumb\",\"itemListElement\":[{\"@type\":\"ListItem\",\"position\":1,\"name\":\"Accueil\",\"item\":\"https:\/\/bistrot-a-huitres.fr\/de\/willkommen-im-bistrot-a-huitres\/\"},{\"@type\":\"ListItem\",\"position\":2,\"name\":\"Die Men\u00fcs\"}]},{\"@type\":\"WebSite\",\"@id\":\"https:\/\/bistrot-a-huitres.fr\/de\/#website\",\"url\":\"https:\/\/bistrot-a-huitres.fr\/de\/\",\"name\":\"Le Bistrot \u00e0 Hu\u00eetres\",\"description\":\"\",\"publisher\":{\"@id\":\"https:\/\/bistrot-a-huitres.fr\/de\/#organization\"},\"potentialAction\":[{\"@type\":\"SearchAction\",\"target\":{\"@type\":\"EntryPoint\",\"urlTemplate\":\"https:\/\/bistrot-a-huitres.fr\/de\/?s={search_term_string}\"},\"query-input\":{\"@type\":\"PropertyValueSpecification\",\"valueRequired\":true,\"valueName\":\"search_term_string\"}}],\"inLanguage\":\"de\"},{\"@type\":\"Organization\",\"@id\":\"https:\/\/bistrot-a-huitres.fr\/de\/#organization\",\"name\":\"Le Bistrot \u00e0 Hu\u00eetres\",\"url\":\"https:\/\/bistrot-a-huitres.fr\/de\/\",\"logo\":{\"@type\":\"ImageObject\",\"inLanguage\":\"de\",\"@id\":\"https:\/\/bistrot-a-huitres.fr\/de\/#\/schema\/logo\/image\/\",\"url\":\"https:\/\/bistrot-a-huitres.fr\/wp-content\/uploads\/2025\/06\/logo-pos.png\",\"contentUrl\":\"https:\/\/bistrot-a-huitres.fr\/wp-content\/uploads\/2025\/06\/logo-pos.png\",\"width\":311,\"height\":38,\"caption\":\"Le Bistrot \u00e0 Hu\u00eetres\"},\"image\":{\"@id\":\"https:\/\/bistrot-a-huitres.fr\/de\/#\/schema\/logo\/image\/\"}}]}<\/script>\n<!-- \/ Yoast SEO plugin. -->","yoast_head_json":{"title":"Die Men\u00fcs - Le Bistrot \u00e0 Hu\u00eetres","robots":{"index":"index","follow":"follow","max-snippet":"max-snippet:-1","max-image-preview":"max-image-preview:large","max-video-preview":"max-video-preview:-1"},"canonical":"https:\/\/bistrot-a-huitres.fr\/de\/die-menues\/","og_locale":"de_DE","og_type":"article","og_title":"Die Men\u00fcs - Le Bistrot \u00e0 Hu\u00eetres","og_description":"Vorspeise + Hauptgericht + Dessert: 35 \u20ac. Vorspeise + Hauptgericht oder Hauptgericht + Dessert: 30 \u20ac. Der Teller mit 6 Austern oder Goldbrassen-Terrine mit Anis Goldenes Seehechtfilet, provenzalische Gem\u00fcselasagne oder Rochenfl\u00fcgel mit Kapern Dessert nach Wunsch Men\u00fc 43\u20ac Wahl von L&#8217;\u00e9cailler oder Bio-Garnelennest, Kr\u00e4uterfasel 3-Fisch-F\u00e4cher mit Pfifferlingen Dessert nach Wunsch Men\u00fc f\u00fcr 53 \u20ac. Der [&hellip;]","og_url":"https:\/\/bistrot-a-huitres.fr\/de\/die-menues\/","og_site_name":"Le Bistrot \u00e0 Hu\u00eetres","article_modified_time":"2025-11-26T09:38:38+00:00","og_image":[{"width":1400,"height":312,"url":"https:\/\/bistrot-a-huitres.fr\/wp-content\/uploads\/2025\/09\/head-menu-1.jpg","type":"image\/jpeg"}],"twitter_card":"summary_large_image","twitter_misc":{"Gesch\u00e4tzte Lesezeit":"1\u00a0Minute"},"schema":{"@context":"https:\/\/schema.org","@graph":[{"@type":"WebPage","@id":"https:\/\/bistrot-a-huitres.fr\/de\/die-menues\/","url":"https:\/\/bistrot-a-huitres.fr\/de\/die-menues\/","name":"Die Men\u00fcs - Le Bistrot \u00e0 Hu\u00eetres","isPartOf":{"@id":"https:\/\/bistrot-a-huitres.fr\/de\/#website"},"primaryImageOfPage":{"@id":"https:\/\/bistrot-a-huitres.fr\/de\/die-menues\/#primaryimage"},"image":{"@id":"https:\/\/bistrot-a-huitres.fr\/de\/die-menues\/#primaryimage"},"thumbnailUrl":"https:\/\/bistrot-a-huitres.fr\/wp-content\/uploads\/2025\/09\/head-menu-1.jpg","datePublished":"2025-07-18T11:22:03+00:00","dateModified":"2025-11-26T09:38:38+00:00","breadcrumb":{"@id":"https:\/\/bistrot-a-huitres.fr\/de\/die-menues\/#breadcrumb"},"inLanguage":"de","potentialAction":[{"@type":"ReadAction","target":["https:\/\/bistrot-a-huitres.fr\/de\/die-menues\/"]}]},{"@type":"ImageObject","inLanguage":"de","@id":"https:\/\/bistrot-a-huitres.fr\/de\/die-menues\/#primaryimage","url":"https:\/\/bistrot-a-huitres.fr\/wp-content\/uploads\/2025\/09\/head-menu-1.jpg","contentUrl":"https:\/\/bistrot-a-huitres.fr\/wp-content\/uploads\/2025\/09\/head-menu-1.jpg","width":1400,"height":312},{"@type":"BreadcrumbList","@id":"https:\/\/bistrot-a-huitres.fr\/de\/die-menues\/#breadcrumb","itemListElement":[{"@type":"ListItem","position":1,"name":"Accueil","item":"https:\/\/bistrot-a-huitres.fr\/de\/willkommen-im-bistrot-a-huitres\/"},{"@type":"ListItem","position":2,"name":"Die Men\u00fcs"}]},{"@type":"WebSite","@id":"https:\/\/bistrot-a-huitres.fr\/de\/#website","url":"https:\/\/bistrot-a-huitres.fr\/de\/","name":"Le Bistrot \u00e0 Hu\u00eetres","description":"","publisher":{"@id":"https:\/\/bistrot-a-huitres.fr\/de\/#organization"},"potentialAction":[{"@type":"SearchAction","target":{"@type":"EntryPoint","urlTemplate":"https:\/\/bistrot-a-huitres.fr\/de\/?s={search_term_string}"},"query-input":{"@type":"PropertyValueSpecification","valueRequired":true,"valueName":"search_term_string"}}],"inLanguage":"de"},{"@type":"Organization","@id":"https:\/\/bistrot-a-huitres.fr\/de\/#organization","name":"Le Bistrot \u00e0 Hu\u00eetres","url":"https:\/\/bistrot-a-huitres.fr\/de\/","logo":{"@type":"ImageObject","inLanguage":"de","@id":"https:\/\/bistrot-a-huitres.fr\/de\/#\/schema\/logo\/image\/","url":"https:\/\/bistrot-a-huitres.fr\/wp-content\/uploads\/2025\/06\/logo-pos.png","contentUrl":"https:\/\/bistrot-a-huitres.fr\/wp-content\/uploads\/2025\/06\/logo-pos.png","width":311,"height":38,"caption":"Le Bistrot \u00e0 Hu\u00eetres"},"image":{"@id":"https:\/\/bistrot-a-huitres.fr\/de\/#\/schema\/logo\/image\/"}}]}},"_links":{"self":[{"href":"https:\/\/bistrot-a-huitres.fr\/de\/wp-json\/wp\/v2\/pages\/2045","targetHints":{"allow":["GET"]}}],"collection":[{"href":"https:\/\/bistrot-a-huitres.fr\/de\/wp-json\/wp\/v2\/pages"}],"about":[{"href":"https:\/\/bistrot-a-huitres.fr\/de\/wp-json\/wp\/v2\/types\/page"}],"author":[{"embeddable":true,"href":"https:\/\/bistrot-a-huitres.fr\/de\/wp-json\/wp\/v2\/users\/1"}],"replies":[{"embeddable":true,"href":"https:\/\/bistrot-a-huitres.fr\/de\/wp-json\/wp\/v2\/comments?post=2045"}],"version-history":[{"count":4,"href":"https:\/\/bistrot-a-huitres.fr\/de\/wp-json\/wp\/v2\/pages\/2045\/revisions"}],"predecessor-version":[{"id":2549,"href":"https:\/\/bistrot-a-huitres.fr\/de\/wp-json\/wp\/v2\/pages\/2045\/revisions\/2549"}],"wp:featuredmedia":[{"embeddable":true,"href":"https:\/\/bistrot-a-huitres.fr\/de\/wp-json\/wp\/v2\/media\/2362"}],"wp:attachment":[{"href":"https:\/\/bistrot-a-huitres.fr\/de\/wp-json\/wp\/v2\/media?parent=2045"}],"curies":[{"name":"wp","href":"https:\/\/api.w.org\/{rel}","templated":true}]}}