{"id":2062,"date":"2025-07-18T11:22:03","date_gmt":"2025-07-18T11:22:03","guid":{"rendered":"https:\/\/bistrot-a-huitres.fr\/finden-sie-uns\/"},"modified":"2025-09-04T14:24:21","modified_gmt":"2025-09-04T14:24:21","slug":"finden-sie-uns","status":"publish","type":"page","link":"https:\/\/bistrot-a-huitres.fr\/de\/finden-sie-uns\/","title":{"rendered":"Finden Sie uns"},"content":{"rendered":"\t\t<div data-elementor-type=\"wp-page\" data-elementor-id=\"2062\" class=\"elementor elementor-2062 elementor-245\" data-elementor-post-type=\"page\">\n\t\t\t\t<div class=\"elementor-element elementor-element-abbf85c e-flex e-con-boxed e-con e-parent\" data-id=\"abbf85c\" data-element_type=\"container\">\n\t\t\t\t\t<div class=\"e-con-inner\">\n\t\t<div class=\"elementor-element elementor-element-2872504 e-con-full e-flex e-con e-child\" data-id=\"2872504\" data-element_type=\"container\">\n\t\t\t\t<div class=\"elementor-element elementor-element-09d90ae elementor-widget elementor-widget-heading\" data-id=\"09d90ae\" data-element_type=\"widget\" data-widget_type=\"heading.default\">\n\t\t\t\t<div class=\"elementor-widget-container\">\n\t\t\t\t\t<h2 class=\"elementor-heading-title elementor-size-default\">Das Restaurant ist sonntags, montags und mittwochs abends geschlossen.<\/h2>\t\t\t\t<\/div>\n\t\t\t\t<\/div>\n\t\t\t\t<div class=\"elementor-element elementor-element-b2fa190 elementor-widget elementor-widget-text-editor\" data-id=\"b2fa190\" data-element_type=\"widget\" data-widget_type=\"text-editor.default\">\n\t\t\t\t<div class=\"elementor-widget-container\">\n\t\t\t\t\t\t\t\t\t<p>Das Restaurant befindet sich am Fu\u00dfe des Mulhouser Rebbergs, in der 2 rue du Moenchsberg, und empf\u00e4ngt Sie von Dienstag bis Samstag von 12:00 bis 13:30 Uhr und von 19:00 bis 21:00 Uhr.<\/p><p>Zahlungsarten: Bargeld, Bankkarten, Essensgutscheine<\/p><p><a href=\"https:\/\/www.google.fr\/maps\/place\/Restaurant+le+Bistrot+%C3%A0+Hu%C3%AEtres\/@47.7373463,7.3174901,14z\/data=!4m2!3m1!1s0x47919b088496970f:0x7b39f0375bdc239c\" target=\"_blank\" rel=\"noopener\">Lassen Sie sich den Plan auf Google Maps anzeigen, um Ihre Route zu berechnen.<\/a><\/p>\t\t\t\t\t\t\t\t<\/div>\n\t\t\t\t<\/div>\n\t\t\t\t<div class=\"elementor-element elementor-element-c44c495 elementor-widget elementor-widget-google_maps\" data-id=\"c44c495\" data-element_type=\"widget\" data-widget_type=\"google_maps.default\">\n\t\t\t\t<div class=\"elementor-widget-container\">\n\t\t\t\t\t\t\t<div class=\"elementor-custom-embed\">\n\t\t\t<iframe loading=\"lazy\"\n\t\t\t\t\tsrc=\"https:\/\/maps.google.com\/maps?q=Le%20Bistrot%20%C3%A0%20Hu%C3%AEtres&#038;t=m&#038;z=16&#038;output=embed&#038;iwloc=near\"\n\t\t\t\t\ttitle=\"Le Bistrot \u00e0 Hu\u00eetres\"\n\t\t\t\t\taria-label=\"Le Bistrot \u00e0 Hu\u00eetres\"\n\t\t\t><\/iframe>\n\t\t<\/div>\n\t\t\t\t\t\t<\/div>\n\t\t\t\t<\/div>\n\t\t\t\t<div class=\"elementor-element elementor-element-3182a6d elementor-widget elementor-widget-text-editor\" data-id=\"3182a6d\" data-element_type=\"widget\" data-widget_type=\"text-editor.default\">\n\t\t\t\t<div class=\"elementor-widget-container\">\n\t\t\t\t\t\t\t\t\t<p>F\u00fcr Anfragen oder Anregungen zu unserer Website wenden Sie sich bitte, werden wir so schnell wie m\u00f6glich zu reagieren. Sie k\u00f6nnen uns auch per E-Mail kontaktieren: <br><a href=\"mailto:contact@bistrot-a-huitres.fr\">contact@bistrot-a-huitres.fr<\/a><\/p><p><small style=\"color: #800000;\"><strong>(Keine Reservierung oder Bestellung per E-Mail oder \u00fcber dieses Formular, danke.)<\/strong><\/small><\/p>\t\t\t\t\t\t\t\t<\/div>\n\t\t\t\t<\/div>\n\t\t\t\t<div class=\"elementor-element elementor-element-f5074cc elementor-widget elementor-widget-shortcode\" data-id=\"f5074cc\" data-element_type=\"widget\" data-widget_type=\"shortcode.default\">\n\t\t\t\t<div class=\"elementor-widget-container\">\n\t\t\t\t\t\t\t<div class=\"elementor-shortcode\"><p class=\"wpcf7-contact-form-not-found\"><strong>Fehler:<\/strong> Kontaktformular wurde nicht gefunden.<\/p><\/div>\n\t\t\t\t\t\t<\/div>\n\t\t\t\t<\/div>\n\t\t\t\t<\/div>\n\t\t<div class=\"elementor-element elementor-element-a5c07bf e-con-full e-flex e-con e-child\" data-id=\"a5c07bf\" data-element_type=\"container\">\n\t\t\t\t<div class=\"elementor-element elementor-element-e283dc6 elementor-widget elementor-widget-image\" data-id=\"e283dc6\" data-element_type=\"widget\" data-widget_type=\"image.default\">\n\t\t\t\t<div class=\"elementor-widget-container\">\n\t\t\t\t\t\t\t\t\t\t\t\t\t\t\t<img fetchpriority=\"high\" decoding=\"async\" width=\"768\" height=\"1024\" src=\"https:\/\/bistrot-a-huitres.fr\/wp-content\/uploads\/2025\/09\/IMG_9014-768x1024.jpg\" class=\"attachment-large size-large wp-image-2273\" alt=\"\" srcset=\"https:\/\/bistrot-a-huitres.fr\/wp-content\/uploads\/2025\/09\/IMG_9014-768x1024.jpg 768w, https:\/\/bistrot-a-huitres.fr\/wp-content\/uploads\/2025\/09\/IMG_9014-225x300.jpg 225w, https:\/\/bistrot-a-huitres.fr\/wp-content\/uploads\/2025\/09\/IMG_9014-1152x1536.jpg 1152w, https:\/\/bistrot-a-huitres.fr\/wp-content\/uploads\/2025\/09\/IMG_9014-1536x2048.jpg 1536w, https:\/\/bistrot-a-huitres.fr\/wp-content\/uploads\/2025\/09\/IMG_9014-600x800.jpg 600w, https:\/\/bistrot-a-huitres.fr\/wp-content\/uploads\/2025\/09\/IMG_9014-100x133.jpg 100w, https:\/\/bistrot-a-huitres.fr\/wp-content\/uploads\/2025\/09\/IMG_9014-scaled.jpg 1920w\" sizes=\"(max-width: 768px) 100vw, 768px\" \/>\t\t\t\t\t\t\t\t\t\t\t\t\t\t\t<\/div>\n\t\t\t\t<\/div>\n\t\t\t\t<div class=\"elementor-element elementor-element-52ab390 elementor-widget elementor-widget-image\" data-id=\"52ab390\" data-element_type=\"widget\" data-widget_type=\"image.default\">\n\t\t\t\t<div class=\"elementor-widget-container\">\n\t\t\t\t\t\t\t\t\t\t\t\t\t\t\t<img decoding=\"async\" width=\"768\" height=\"1024\" src=\"https:\/\/bistrot-a-huitres.fr\/wp-content\/uploads\/2025\/09\/IMG_6313-5-768x1024.jpg\" class=\"attachment-large size-large wp-image-2275\" alt=\"\" srcset=\"https:\/\/bistrot-a-huitres.fr\/wp-content\/uploads\/2025\/09\/IMG_6313-5-768x1024.jpg 768w, https:\/\/bistrot-a-huitres.fr\/wp-content\/uploads\/2025\/09\/IMG_6313-5-225x300.jpg 225w, https:\/\/bistrot-a-huitres.fr\/wp-content\/uploads\/2025\/09\/IMG_6313-5-1152x1536.jpg 1152w, https:\/\/bistrot-a-huitres.fr\/wp-content\/uploads\/2025\/09\/IMG_6313-5-1536x2048.jpg 1536w, https:\/\/bistrot-a-huitres.fr\/wp-content\/uploads\/2025\/09\/IMG_6313-5-600x800.jpg 600w, https:\/\/bistrot-a-huitres.fr\/wp-content\/uploads\/2025\/09\/IMG_6313-5-100x133.jpg 100w, https:\/\/bistrot-a-huitres.fr\/wp-content\/uploads\/2025\/09\/IMG_6313-5-scaled.jpg 1920w\" sizes=\"(max-width: 768px) 100vw, 768px\" \/>\t\t\t\t\t\t\t\t\t\t\t\t\t\t\t<\/div>\n\t\t\t\t<\/div>\n\t\t\t\t<\/div>\n\t\t\t\t\t<\/div>\n\t\t\t\t<\/div>\n\t\t\t\t<\/div>\n\t\t","protected":false},"excerpt":{"rendered":"<p>Das Restaurant ist sonntags, montags und mittwochs abends geschlossen. Das Restaurant befindet sich am Fu\u00dfe des Mulhouser Rebbergs, in der 2 rue du Moenchsberg, und empf\u00e4ngt Sie von Dienstag bis Samstag von 12:00 bis 13:30 Uhr und von 19:00 bis 21:00 Uhr. Zahlungsarten: Bargeld, Bankkarten, Essensgutscheine Lassen Sie sich den Plan auf Google Maps anzeigen, [&hellip;]<\/p>\n","protected":false},"author":1,"featured_media":416,"parent":0,"menu_order":0,"comment_status":"open","ping_status":"open","template":"","meta":{"footnotes":""},"class_list":["post-2062","page","type-page","status-publish","has-post-thumbnail","hentry"],"yoast_head":"<!-- This site is optimized with the Yoast SEO plugin v26.2 - https:\/\/yoast.com\/wordpress\/plugins\/seo\/ -->\n<title>Finden Sie uns - Le Bistrot \u00e0 Hu\u00eetres<\/title>\n<meta name=\"robots\" content=\"index, follow, max-snippet:-1, max-image-preview:large, max-video-preview:-1\" \/>\n<link rel=\"canonical\" href=\"https:\/\/bistrot-a-huitres.fr\/de\/finden-sie-uns\/\" \/>\n<meta property=\"og:locale\" content=\"de_DE\" \/>\n<meta property=\"og:type\" content=\"article\" \/>\n<meta property=\"og:title\" content=\"Finden Sie uns - Le Bistrot \u00e0 Hu\u00eetres\" \/>\n<meta property=\"og:description\" content=\"Das Restaurant ist sonntags, montags und mittwochs abends geschlossen. Das Restaurant befindet sich am Fu\u00dfe des Mulhouser Rebbergs, in der 2 rue du Moenchsberg, und empf\u00e4ngt Sie von Dienstag bis Samstag von 12:00 bis 13:30 Uhr und von 19:00 bis 21:00 Uhr. Zahlungsarten: Bargeld, Bankkarten, Essensgutscheine Lassen Sie sich den Plan auf Google Maps anzeigen, [&hellip;]\" \/>\n<meta property=\"og:url\" content=\"https:\/\/bistrot-a-huitres.fr\/de\/finden-sie-uns\/\" \/>\n<meta property=\"og:site_name\" content=\"Le Bistrot \u00e0 Hu\u00eetres\" \/>\n<meta property=\"article:modified_time\" content=\"2025-09-04T14:24:21+00:00\" \/>\n<meta property=\"og:image\" content=\"https:\/\/bistrot-a-huitres.fr\/wp-content\/uploads\/2025\/07\/head-emportes-3.jpg\" \/>\n\t<meta property=\"og:image:width\" content=\"1400\" \/>\n\t<meta property=\"og:image:height\" content=\"740\" \/>\n\t<meta property=\"og:image:type\" content=\"image\/jpeg\" \/>\n<meta name=\"twitter:card\" content=\"summary_large_image\" \/>\n<meta name=\"twitter:label1\" content=\"Gesch\u00e4tzte Lesezeit\" \/>\n\t<meta name=\"twitter:data1\" content=\"1\u00a0Minute\" \/>\n<script type=\"application\/ld+json\" class=\"yoast-schema-graph\">{\"@context\":\"https:\/\/schema.org\",\"@graph\":[{\"@type\":\"WebPage\",\"@id\":\"https:\/\/bistrot-a-huitres.fr\/de\/finden-sie-uns\/\",\"url\":\"https:\/\/bistrot-a-huitres.fr\/de\/finden-sie-uns\/\",\"name\":\"Finden Sie uns - Le Bistrot \u00e0 Hu\u00eetres\",\"isPartOf\":{\"@id\":\"https:\/\/bistrot-a-huitres.fr\/de\/#website\"},\"primaryImageOfPage\":{\"@id\":\"https:\/\/bistrot-a-huitres.fr\/de\/finden-sie-uns\/#primaryimage\"},\"image\":{\"@id\":\"https:\/\/bistrot-a-huitres.fr\/de\/finden-sie-uns\/#primaryimage\"},\"thumbnailUrl\":\"https:\/\/bistrot-a-huitres.fr\/wp-content\/uploads\/2025\/07\/head-emportes-3.jpg\",\"datePublished\":\"2025-07-18T11:22:03+00:00\",\"dateModified\":\"2025-09-04T14:24:21+00:00\",\"breadcrumb\":{\"@id\":\"https:\/\/bistrot-a-huitres.fr\/de\/finden-sie-uns\/#breadcrumb\"},\"inLanguage\":\"de\",\"potentialAction\":[{\"@type\":\"ReadAction\",\"target\":[\"https:\/\/bistrot-a-huitres.fr\/de\/finden-sie-uns\/\"]}]},{\"@type\":\"ImageObject\",\"inLanguage\":\"de\",\"@id\":\"https:\/\/bistrot-a-huitres.fr\/de\/finden-sie-uns\/#primaryimage\",\"url\":\"https:\/\/bistrot-a-huitres.fr\/wp-content\/uploads\/2025\/07\/head-emportes-3.jpg\",\"contentUrl\":\"https:\/\/bistrot-a-huitres.fr\/wp-content\/uploads\/2025\/07\/head-emportes-3.jpg\",\"width\":1400,\"height\":740},{\"@type\":\"BreadcrumbList\",\"@id\":\"https:\/\/bistrot-a-huitres.fr\/de\/finden-sie-uns\/#breadcrumb\",\"itemListElement\":[{\"@type\":\"ListItem\",\"position\":1,\"name\":\"Accueil\",\"item\":\"https:\/\/bistrot-a-huitres.fr\/de\/willkommen-im-bistrot-a-huitres\/\"},{\"@type\":\"ListItem\",\"position\":2,\"name\":\"Finden Sie uns\"}]},{\"@type\":\"WebSite\",\"@id\":\"https:\/\/bistrot-a-huitres.fr\/de\/#website\",\"url\":\"https:\/\/bistrot-a-huitres.fr\/de\/\",\"name\":\"Le Bistrot \u00e0 Hu\u00eetres\",\"description\":\"\",\"publisher\":{\"@id\":\"https:\/\/bistrot-a-huitres.fr\/de\/#organization\"},\"potentialAction\":[{\"@type\":\"SearchAction\",\"target\":{\"@type\":\"EntryPoint\",\"urlTemplate\":\"https:\/\/bistrot-a-huitres.fr\/de\/?s={search_term_string}\"},\"query-input\":{\"@type\":\"PropertyValueSpecification\",\"valueRequired\":true,\"valueName\":\"search_term_string\"}}],\"inLanguage\":\"de\"},{\"@type\":\"Organization\",\"@id\":\"https:\/\/bistrot-a-huitres.fr\/de\/#organization\",\"name\":\"Le Bistrot \u00e0 Hu\u00eetres\",\"url\":\"https:\/\/bistrot-a-huitres.fr\/de\/\",\"logo\":{\"@type\":\"ImageObject\",\"inLanguage\":\"de\",\"@id\":\"https:\/\/bistrot-a-huitres.fr\/de\/#\/schema\/logo\/image\/\",\"url\":\"https:\/\/bistrot-a-huitres.fr\/wp-content\/uploads\/2025\/06\/logo-pos.png\",\"contentUrl\":\"https:\/\/bistrot-a-huitres.fr\/wp-content\/uploads\/2025\/06\/logo-pos.png\",\"width\":311,\"height\":38,\"caption\":\"Le Bistrot \u00e0 Hu\u00eetres\"},\"image\":{\"@id\":\"https:\/\/bistrot-a-huitres.fr\/de\/#\/schema\/logo\/image\/\"}}]}<\/script>\n<!-- \/ Yoast SEO plugin. -->","yoast_head_json":{"title":"Finden Sie uns - Le Bistrot \u00e0 Hu\u00eetres","robots":{"index":"index","follow":"follow","max-snippet":"max-snippet:-1","max-image-preview":"max-image-preview:large","max-video-preview":"max-video-preview:-1"},"canonical":"https:\/\/bistrot-a-huitres.fr\/de\/finden-sie-uns\/","og_locale":"de_DE","og_type":"article","og_title":"Finden Sie uns - Le Bistrot \u00e0 Hu\u00eetres","og_description":"Das Restaurant ist sonntags, montags und mittwochs abends geschlossen. Das Restaurant befindet sich am Fu\u00dfe des Mulhouser Rebbergs, in der 2 rue du Moenchsberg, und empf\u00e4ngt Sie von Dienstag bis Samstag von 12:00 bis 13:30 Uhr und von 19:00 bis 21:00 Uhr. Zahlungsarten: Bargeld, Bankkarten, Essensgutscheine Lassen Sie sich den Plan auf Google Maps anzeigen, [&hellip;]","og_url":"https:\/\/bistrot-a-huitres.fr\/de\/finden-sie-uns\/","og_site_name":"Le Bistrot \u00e0 Hu\u00eetres","article_modified_time":"2025-09-04T14:24:21+00:00","og_image":[{"width":1400,"height":740,"url":"https:\/\/bistrot-a-huitres.fr\/wp-content\/uploads\/2025\/07\/head-emportes-3.jpg","type":"image\/jpeg"}],"twitter_card":"summary_large_image","twitter_misc":{"Gesch\u00e4tzte Lesezeit":"1\u00a0Minute"},"schema":{"@context":"https:\/\/schema.org","@graph":[{"@type":"WebPage","@id":"https:\/\/bistrot-a-huitres.fr\/de\/finden-sie-uns\/","url":"https:\/\/bistrot-a-huitres.fr\/de\/finden-sie-uns\/","name":"Finden Sie uns - Le Bistrot \u00e0 Hu\u00eetres","isPartOf":{"@id":"https:\/\/bistrot-a-huitres.fr\/de\/#website"},"primaryImageOfPage":{"@id":"https:\/\/bistrot-a-huitres.fr\/de\/finden-sie-uns\/#primaryimage"},"image":{"@id":"https:\/\/bistrot-a-huitres.fr\/de\/finden-sie-uns\/#primaryimage"},"thumbnailUrl":"https:\/\/bistrot-a-huitres.fr\/wp-content\/uploads\/2025\/07\/head-emportes-3.jpg","datePublished":"2025-07-18T11:22:03+00:00","dateModified":"2025-09-04T14:24:21+00:00","breadcrumb":{"@id":"https:\/\/bistrot-a-huitres.fr\/de\/finden-sie-uns\/#breadcrumb"},"inLanguage":"de","potentialAction":[{"@type":"ReadAction","target":["https:\/\/bistrot-a-huitres.fr\/de\/finden-sie-uns\/"]}]},{"@type":"ImageObject","inLanguage":"de","@id":"https:\/\/bistrot-a-huitres.fr\/de\/finden-sie-uns\/#primaryimage","url":"https:\/\/bistrot-a-huitres.fr\/wp-content\/uploads\/2025\/07\/head-emportes-3.jpg","contentUrl":"https:\/\/bistrot-a-huitres.fr\/wp-content\/uploads\/2025\/07\/head-emportes-3.jpg","width":1400,"height":740},{"@type":"BreadcrumbList","@id":"https:\/\/bistrot-a-huitres.fr\/de\/finden-sie-uns\/#breadcrumb","itemListElement":[{"@type":"ListItem","position":1,"name":"Accueil","item":"https:\/\/bistrot-a-huitres.fr\/de\/willkommen-im-bistrot-a-huitres\/"},{"@type":"ListItem","position":2,"name":"Finden Sie uns"}]},{"@type":"WebSite","@id":"https:\/\/bistrot-a-huitres.fr\/de\/#website","url":"https:\/\/bistrot-a-huitres.fr\/de\/","name":"Le Bistrot \u00e0 Hu\u00eetres","description":"","publisher":{"@id":"https:\/\/bistrot-a-huitres.fr\/de\/#organization"},"potentialAction":[{"@type":"SearchAction","target":{"@type":"EntryPoint","urlTemplate":"https:\/\/bistrot-a-huitres.fr\/de\/?s={search_term_string}"},"query-input":{"@type":"PropertyValueSpecification","valueRequired":true,"valueName":"search_term_string"}}],"inLanguage":"de"},{"@type":"Organization","@id":"https:\/\/bistrot-a-huitres.fr\/de\/#organization","name":"Le Bistrot \u00e0 Hu\u00eetres","url":"https:\/\/bistrot-a-huitres.fr\/de\/","logo":{"@type":"ImageObject","inLanguage":"de","@id":"https:\/\/bistrot-a-huitres.fr\/de\/#\/schema\/logo\/image\/","url":"https:\/\/bistrot-a-huitres.fr\/wp-content\/uploads\/2025\/06\/logo-pos.png","contentUrl":"https:\/\/bistrot-a-huitres.fr\/wp-content\/uploads\/2025\/06\/logo-pos.png","width":311,"height":38,"caption":"Le Bistrot \u00e0 Hu\u00eetres"},"image":{"@id":"https:\/\/bistrot-a-huitres.fr\/de\/#\/schema\/logo\/image\/"}}]}},"_links":{"self":[{"href":"https:\/\/bistrot-a-huitres.fr\/de\/wp-json\/wp\/v2\/pages\/2062","targetHints":{"allow":["GET"]}}],"collection":[{"href":"https:\/\/bistrot-a-huitres.fr\/de\/wp-json\/wp\/v2\/pages"}],"about":[{"href":"https:\/\/bistrot-a-huitres.fr\/de\/wp-json\/wp\/v2\/types\/page"}],"author":[{"embeddable":true,"href":"https:\/\/bistrot-a-huitres.fr\/de\/wp-json\/wp\/v2\/users\/1"}],"replies":[{"embeddable":true,"href":"https:\/\/bistrot-a-huitres.fr\/de\/wp-json\/wp\/v2\/comments?post=2062"}],"version-history":[{"count":4,"href":"https:\/\/bistrot-a-huitres.fr\/de\/wp-json\/wp\/v2\/pages\/2062\/revisions"}],"predecessor-version":[{"id":2288,"href":"https:\/\/bistrot-a-huitres.fr\/de\/wp-json\/wp\/v2\/pages\/2062\/revisions\/2288"}],"wp:featuredmedia":[{"embeddable":true,"href":"https:\/\/bistrot-a-huitres.fr\/de\/wp-json\/wp\/v2\/media\/416"}],"wp:attachment":[{"href":"https:\/\/bistrot-a-huitres.fr\/de\/wp-json\/wp\/v2\/media?parent=2062"}],"curies":[{"name":"wp","href":"https:\/\/api.w.org\/{rel}","templated":true}]}}